{"id":10874,"date":"2018-11-02T11:38:10","date_gmt":"2018-11-02T10:38:10","guid":{"rendered":"https:\/\/www.halagchemie.ch\/zertifikate\/"},"modified":"2026-03-09T09:38:36","modified_gmt":"2026-03-09T08:38:36","slug":"certificat","status":"publish","type":"page","link":"https:\/\/www.halagchemie.ch\/fr\/certificat\/","title":{"rendered":"Certificat"},"content":{"rendered":"<p>&nbsp;<\/p>\n<table style=\"height: 481px; vertical-align: top;\">\n<tbody>\n<tr style=\"height: 18px;\">\n<td style=\"width: 1369px; height: 18px;\" colspan=\"3\">\n<hr \/>\n<\/td>\n<\/tr>\n<tr style=\"height: 102px; vertical-align: top;\">\n<td style=\"width: 188px; height: 203px;\">\n<p style=\"text-align: left;\"><strong>Systeme de management de la qualit\u00e9 ISO 9001<\/p>\n<p>Systeme de management environnemental ISO 14001<br \/>\n<\/strong><\/p>\n<\/td>\n<td style=\"width: 1088px; height: 203px;\">\n<p>La gestion de l\u2019environnement consiste en une planification syst\u00e9matique et permanente et en l\u2019application de mesures \u00e9cologiques visant \u00e0 la r\u00e9duction de l\u2019impact sur l\u2019environnement des activit\u00e9s et produits de l\u2019entreprise \u2013 dans le respect des lois applicables sur l\u2019environnement, la prise en compte de la situation sp\u00e9cifique de l\u2019entreprise et de la rentabilit\u00e9 des mesures.<\/p>\n<p><a href=\"http:\/\/www.halagchemie.ch\/wp-content\/uploads\/2024\/08\/Halag_ISO_Certificat_FR_2027.pdf\" target=\"_blank\" rel=\"noopener noreferrer\">Certificat ISO<\/a><\/p>\n<\/td>\n<td style=\"width: 81px; height: 203px;\"><img loading=\"lazy\" decoding=\"async\" class=\"wp-image-4058 aligncenter\" src=\"https:\/\/www.halagchemie.ch\/wp-content\/uploads\/2014\/05\/iso1-300x262.jpg\" alt=\"\" width=\"100\" height=\"87\" \/><\/td>\n<\/tr>\n<tr style=\"height: 18px;\">\n<td style=\"width: 1369px; height: 18px;\" colspan=\"3\">\n<hr \/>\n<\/td>\n<\/tr>\n<tr style=\"height: 102px; vertical-align: top;\">\n<td style=\"width: 188px; height: 176px;\">\n<p><strong>Volontaire du climat et efficacit\u00e9 \u00e9nerg\u00e9tique<\/p>\n<p><\/strong><\/p>\n<\/td>\n<td style=\"width: 1088px; height: 176px;\">\n<p>En participant volontairement au programme de l&rsquo;Agence de l&rsquo;\u00e9nergie pour l&rsquo;\u00e9conomie, fenaco soci\u00e9t\u00e9 coop\u00e9rative et <br \/>\nHalag Chemie\u00a0SA agit pour r\u00e9duire ses \u00e9missions de CO<sub>2<\/sub> et pour am\u00e9liorer sa performance \u00e9nerg\u00e9tique.<\/p>\n<p>&nbsp;<\/p>\n<p><a title=\"Certificat de l'Agence de l'\u00e9nergie pour l'\u00e9conomie\" href=\"https:\/\/www.halagchemie.ch\/wp-content\/uploads\/2017\/03\/Zertifikat-fenaco_fr.pdf\" target=\"_blank\" rel=\"noopener noreferrer\">Certificat de l&rsquo;Agence de l&rsquo;\u00e9nergie pour l&rsquo;\u00e9conomie<\/a><\/p>\n<\/td>\n<td style=\"width: 81px; height: 176px;\"><img loading=\"lazy\" decoding=\"async\" class=\"wp-image-8166 size-full aligncenter\" src=\"https:\/\/www.halagchemie.ch\/wp-content\/uploads\/2015\/04\/klimaschutz_de-e1428669214967.jpg\" alt=\"klimaschutz_de\" width=\"100\" height=\"150\" srcset=\"https:\/\/www.halagchemie.ch\/wp-content\/uploads\/2015\/04\/klimaschutz_de-e1428669214967.jpg 100w, https:\/\/www.halagchemie.ch\/wp-content\/uploads\/2015\/04\/klimaschutz_de-e1428669214967-16x24.jpg 16w, https:\/\/www.halagchemie.ch\/wp-content\/uploads\/2015\/04\/klimaschutz_de-e1428669214967-24x36.jpg 24w, https:\/\/www.halagchemie.ch\/wp-content\/uploads\/2015\/04\/klimaschutz_de-e1428669214967-32x48.jpg 32w\" sizes=\"auto, (max-width: 100px) 100vw, 100px\" \/><\/td>\n<\/tr>\n<tr style=\"height: 10px;\">\n<td style=\"width: 1369px; height: 10px;\" colspan=\"3\">\n<hr \/>\n<\/td>\n<\/tr>\n<tr style=\"height: 56px;\">\n<td style=\"width: 188px; height: 56px;\">\n<p style=\"text-align: left;\"><strong>Halal \/ Koscher<\/strong><\/p>\n<p>&nbsp;<\/p>\n<p>&nbsp;<\/p>\n<p>&nbsp;<\/p>\n<p>&nbsp;<\/p>\n<\/td>\n<td style=\"width: 1088px; height: 56px;\">\n<p>La question du \u00abHalal\u00bb ou du \u00abcasher\u00bb englobe non seulement les denr\u00e9es alimentaires, leur origine et leur pr\u00e9paration, mais \u00e9galement les additifs des denr\u00e9es alimentaires, les mat\u00e9riaux d\u2019emballage jusqu\u2019aux agents auxiliaires tels que les produits de nettoyage et de d\u00e9sinfection de Halag par exemple. Halag Chemie AG a demand\u00e9 un audit externe de la conformit\u00e9 de la composition de ses produits de nettoyage aux r\u00e8gles halal et casher.\u00a0<\/p>\n<p>Les certificats confirment que les produits Halag \u00e9prouv\u00e9s peuvent \u00eatre utilis\u00e9s dans les processus de production de denr\u00e9es alimentaires conformes aux r\u00e8gles halal ou casher. Nous restons \u00e0 votre disposition si vous avez d\u2019autres questions sur ce sujet.<\/p>\n<p><a href=\"http:\/\/www.halagchemie.ch\/wp-content\/uploads\/2025\/11\/Halal_Zertifikat_2026.pdf\">Certificat Halal\u00a0\u00a0\u00a0<\/a>\u00a0\u00a0\u00a0\u00a0\u00a0\u00a0\u00a0\u00a0\u00a0\u00a0\u00a0\u00a0\u00a0\u00a0\u00a0\u00a0\u00a0\u00a0\u00a0\u00a0\u00a0\u00a0\u00a0\u00a0\u00a0 <a href=\"http:\/\/www.halagchemie.ch\/wp-content\/uploads\/2026\/03\/Halag-Kosher-certificate-2026.pdf\">Certificat casher <\/a><\/p>\n<\/td>\n<td style=\"width: 81px; height: 56px;\">\n<p><img loading=\"lazy\" decoding=\"async\" class=\"size-full wp-image-11651 aligncenter\" src=\"https:\/\/www.halagchemie.ch\/wp-content\/uploads\/2019\/07\/Halal_klein-2.png\" alt=\"\" width=\"72\" height=\"80\" srcset=\"https:\/\/www.halagchemie.ch\/wp-content\/uploads\/2019\/07\/Halal_klein-2.png 72w, https:\/\/www.halagchemie.ch\/wp-content\/uploads\/2019\/07\/Halal_klein-2-22x24.png 22w, https:\/\/www.halagchemie.ch\/wp-content\/uploads\/2019\/07\/Halal_klein-2-32x36.png 32w, https:\/\/www.halagchemie.ch\/wp-content\/uploads\/2019\/07\/Halal_klein-2-43x48.png 43w\" sizes=\"auto, (max-width: 72px) 100vw, 72px\" \/><img loading=\"lazy\" decoding=\"async\" class=\"size-full wp-image-11643 aligncenter\" src=\"https:\/\/www.halagchemie.ch\/wp-content\/uploads\/2019\/07\/Koscher_Klein-1.png\" alt=\"\" width=\"72\" height=\"80\" srcset=\"https:\/\/www.halagchemie.ch\/wp-content\/uploads\/2019\/07\/Koscher_Klein-1.png 72w, https:\/\/www.halagchemie.ch\/wp-content\/uploads\/2019\/07\/Koscher_Klein-1-22x24.png 22w, https:\/\/www.halagchemie.ch\/wp-content\/uploads\/2019\/07\/Koscher_Klein-1-32x36.png 32w, https:\/\/www.halagchemie.ch\/wp-content\/uploads\/2019\/07\/Koscher_Klein-1-43x48.png 43w\" sizes=\"auto, (max-width: 72px) 100vw, 72px\" \/><\/p>\n<\/td>\n<\/tr>\n<\/tbody>\n<\/table>\n<p>&nbsp;<\/p>","protected":false},"excerpt":{"rendered":"<p>&nbsp; Systeme de management de la qualit\u00e9 ISO 9001 Systeme de management environnemental ISO 14001 La gestion de l\u2019environnement consiste en une planification syst\u00e9matique et permanente et en l\u2019application de mesures \u00e9cologiques visant \u00e0 la r\u00e9duction de l\u2019impact sur l\u2019environnement des activit\u00e9s et produits de l\u2019entreprise \u2013 dans le respect des lois applicables sur l\u2019environnement, [&hellip;]<\/p>\n","protected":false},"author":11,"featured_media":0,"parent":0,"menu_order":0,"comment_status":"closed","ping_status":"closed","template":"","meta":{"_acf_changed":false,"footnotes":""},"class_list":["post-10874","page","type-page","status-publish","hentry"],"acf":[],"_links":{"self":[{"href":"https:\/\/www.halagchemie.ch\/fr\/wp-json\/wp\/v2\/pages\/10874","targetHints":{"allow":["GET"]}}],"collection":[{"href":"https:\/\/www.halagchemie.ch\/fr\/wp-json\/wp\/v2\/pages"}],"about":[{"href":"https:\/\/www.halagchemie.ch\/fr\/wp-json\/wp\/v2\/types\/page"}],"author":[{"embeddable":true,"href":"https:\/\/www.halagchemie.ch\/fr\/wp-json\/wp\/v2\/users\/11"}],"replies":[{"embeddable":true,"href":"https:\/\/www.halagchemie.ch\/fr\/wp-json\/wp\/v2\/comments?post=10874"}],"version-history":[{"count":0,"href":"https:\/\/www.halagchemie.ch\/fr\/wp-json\/wp\/v2\/pages\/10874\/revisions"}],"wp:attachment":[{"href":"https:\/\/www.halagchemie.ch\/fr\/wp-json\/wp\/v2\/media?parent=10874"}],"curies":[{"name":"wp","href":"https:\/\/api.w.org\/{rel}","templated":true}]}}