{"id":167,"date":"2012-05-18T09:02:14","date_gmt":"2012-05-18T09:02:14","guid":{"rendered":"https:\/\/www.halagchemie.ch\/home-2\/"},"modified":"2026-01-29T08:44:49","modified_gmt":"2026-01-29T07:44:49","slug":"home","status":"publish","type":"page","link":"https:\/\/www.halagchemie.ch\/fr\/","title":{"rendered":"Home"},"content":{"rendered":"<div class=\"textlayout\">\n<h1>Votre partenaire pour une hygi\u00e8ne parfaite<\/h1>\n<p>Des \u00e9quipes de d\u00e9veloppement et de conseil motiv\u00e9es apportent ici des solutions \u00e0 des\u00a0 probl\u00e8mes de nettoyage et d\u2019hygi\u00e8ne. La recherche et le d\u00e9veloppement, des installations de production modernes et des solutions client individualis\u00e9es ont fait d\u2019Halag une\u00a0 entreprise de pointe dans le secteur de l\u2019hygi\u00e8ne d\u2019entreprise.<\/p>\n<\/div>","protected":false},"excerpt":{"rendered":"<p>Votre partenaire pour une hygi\u00e8ne parfaite Des \u00e9quipes de d\u00e9veloppement et de conseil motiv\u00e9es apportent ici des solutions \u00e0 des\u00a0 probl\u00e8mes de nettoyage et d\u2019hygi\u00e8ne. La recherche et le d\u00e9veloppement, des installations de production modernes et des solutions client individualis\u00e9es ont fait d\u2019Halag une\u00a0 entreprise de pointe dans le secteur de l\u2019hygi\u00e8ne d\u2019entreprise.<\/p>\n","protected":false},"author":4,"featured_media":15636,"parent":0,"menu_order":9,"comment_status":"open","ping_status":"open","template":"template-home.php","meta":{"_acf_changed":false,"footnotes":""},"class_list":["post-167","page","type-page","status-publish","has-post-thumbnail","hentry"],"acf":[],"_links":{"self":[{"href":"https:\/\/www.halagchemie.ch\/fr\/wp-json\/wp\/v2\/pages\/167","targetHints":{"allow":["GET"]}}],"collection":[{"href":"https:\/\/www.halagchemie.ch\/fr\/wp-json\/wp\/v2\/pages"}],"about":[{"href":"https:\/\/www.halagchemie.ch\/fr\/wp-json\/wp\/v2\/types\/page"}],"author":[{"embeddable":true,"href":"https:\/\/www.halagchemie.ch\/fr\/wp-json\/wp\/v2\/users\/4"}],"replies":[{"embeddable":true,"href":"https:\/\/www.halagchemie.ch\/fr\/wp-json\/wp\/v2\/comments?post=167"}],"version-history":[{"count":0,"href":"https:\/\/www.halagchemie.ch\/fr\/wp-json\/wp\/v2\/pages\/167\/revisions"}],"wp:featuredmedia":[{"embeddable":true,"href":"https:\/\/www.halagchemie.ch\/fr\/wp-json\/wp\/v2\/media\/15636"}],"wp:attachment":[{"href":"https:\/\/www.halagchemie.ch\/fr\/wp-json\/wp\/v2\/media?parent=167"}],"curies":[{"name":"wp","href":"https:\/\/api.w.org\/{rel}","templated":true}]}}