{"id":1966,"date":"2013-04-19T11:25:45","date_gmt":"2013-04-19T11:25:45","guid":{"rendered":"https:\/\/www.halagchemie.ch\/offre\/verkaufs-lieferkonditionen-2\/"},"modified":"2026-01-23T08:07:16","modified_gmt":"2026-01-23T07:07:16","slug":"conditions-de-vente-et-de-livraison","status":"publish","type":"page","link":"https:\/\/www.halagchemie.ch\/fr\/offre\/conditions-de-vente-et-de-livraison\/","title":{"rendered":"Conditions de vente et de livraison"},"content":{"rendered":"<p><strong>Pour les utilisateurs professionnels uniquement, pas de pr\u00e9l\u00e8vement sur les personnes priv\u00e9es<\/strong><\/p>\n<p><strong>Conditions de vente et de livraison (\u00e0 l&rsquo;int\u00e9rieur du pays)<br \/>\n<\/strong>&#8211; Livraisons selon Incoterms 2020 \u00e0 partir d&rsquo;une commande de 100 kg.<br \/>\n&#8211; Pour les commandes de moins de 100 kg, un forfait de CHF 49.00 est factur\u00e9.<br \/>\n&#8211; Sous r\u00e9serve de modifications de prix et d&rsquo;assortiment.<br \/>\n&#8211; Prix hors TVA et taxe sur les COV.<br \/>\n&#8211; Payable net \u00e0 30 jours.<\/p>\n<p><strong>Taxe sur les COV (\u00e0 l&rsquo;int\u00e9rieur du pays)<\/strong><br \/>\nCertains de nos produits contiennent des compos\u00e9s organiques volatils (COV). <br \/>\nCes compos\u00e9s sont soumis \u00e0 la taxe sur les COV, conform\u00e9ment \u00e0 l&rsquo;Ordonnance du 12 novembre 1997.<\/p>\n<p>\u00a0<strong>Conditions de vente et de livraison (\u00e0 l&rsquo;\u00e9tranger)<br \/>\n<\/strong>Sur demande<\/p>\n<p><a href=\"http:\/\/www.halagchemie.ch\/wp-content\/uploads\/2025\/12\/Version-2026_AGB-Halag-franzoesisch-FR-definitiv_2_Spaltig-hoch.pdf\">Conditions g\u00e9n\u00e9rales de vente<\/a><\/p>","protected":false},"excerpt":{"rendered":"<p>Pour les utilisateurs professionnels uniquement, pas de pr\u00e9l\u00e8vement sur les personnes priv\u00e9es Conditions de vente et de livraison (\u00e0 l&rsquo;int\u00e9rieur du pays) &#8211; Livraisons selon Incoterms 2020 \u00e0 partir d&rsquo;une commande de 100 kg. &#8211; Pour les commandes de moins de 100 kg, un forfait de CHF 49.00 est factur\u00e9. &#8211; Sous r\u00e9serve de modifications [&hellip;]<\/p>\n","protected":false},"author":4,"featured_media":0,"parent":3610,"menu_order":4,"comment_status":"open","ping_status":"open","template":"","meta":{"_acf_changed":false,"footnotes":""},"class_list":["post-1966","page","type-page","status-publish","hentry"],"acf":[],"_links":{"self":[{"href":"https:\/\/www.halagchemie.ch\/fr\/wp-json\/wp\/v2\/pages\/1966","targetHints":{"allow":["GET"]}}],"collection":[{"href":"https:\/\/www.halagchemie.ch\/fr\/wp-json\/wp\/v2\/pages"}],"about":[{"href":"https:\/\/www.halagchemie.ch\/fr\/wp-json\/wp\/v2\/types\/page"}],"author":[{"embeddable":true,"href":"https:\/\/www.halagchemie.ch\/fr\/wp-json\/wp\/v2\/users\/4"}],"replies":[{"embeddable":true,"href":"https:\/\/www.halagchemie.ch\/fr\/wp-json\/wp\/v2\/comments?post=1966"}],"version-history":[{"count":0,"href":"https:\/\/www.halagchemie.ch\/fr\/wp-json\/wp\/v2\/pages\/1966\/revisions"}],"up":[{"embeddable":true,"href":"https:\/\/www.halagchemie.ch\/fr\/wp-json\/wp\/v2\/pages\/3610"}],"wp:attachment":[{"href":"https:\/\/www.halagchemie.ch\/fr\/wp-json\/wp\/v2\/media?parent=1966"}],"curies":[{"name":"wp","href":"https:\/\/api.w.org\/{rel}","templated":true}]}}