{"id":216,"date":"2012-07-05T13:11:05","date_gmt":"2012-07-05T13:11:05","guid":{"rendered":"https:\/\/www.halagchemie.ch\/?page_id=216"},"modified":"2014-06-04T06:50:16","modified_gmt":"2014-06-04T05:50:16","slug":"specifications","status":"publish","type":"page","link":"https:\/\/www.halagchemie.ch\/fr\/specifications\/","title":{"rendered":"Specifications"},"content":{"rendered":"<p>Les fiches techniques permettent de communiquer \u00e0 l\u2019utilisateur les informations n\u00e9cessaires concernant la s\u00e9curit\u00e9, le stockage et l\u2019application. <br \/>Ces derni\u00e8res sont n\u00e9cessaires pour une utilisation correcte et permettent de prendre les mesures n\u00e9cessaires pour la protection de la sant\u00e9 et de l\u2019environnement ainsi que pour la s\u00e9curit\u00e9 sur le poste de travail.<\/p>","protected":false},"excerpt":{"rendered":"<p>Les fiches techniques permettent de communiquer \u00e0 l\u2019utilisateur les informations n\u00e9cessaires concernant la s\u00e9curit\u00e9, le stockage et l\u2019application. Ces derni\u00e8res sont n\u00e9cessaires pour une utilisation correcte et permettent de prendre les mesures n\u00e9cessaires pour la protection de la sant\u00e9 et de l\u2019environnement ainsi que pour la s\u00e9curit\u00e9 sur le poste de travail.<\/p>\n","protected":false},"author":4,"featured_media":0,"parent":0,"menu_order":49,"comment_status":"open","ping_status":"closed","template":"template-specs.php","meta":{"_acf_changed":false,"footnotes":""},"class_list":["post-216","page","type-page","status-publish","hentry"],"acf":[],"_links":{"self":[{"href":"https:\/\/www.halagchemie.ch\/fr\/wp-json\/wp\/v2\/pages\/216","targetHints":{"allow":["GET"]}}],"collection":[{"href":"https:\/\/www.halagchemie.ch\/fr\/wp-json\/wp\/v2\/pages"}],"about":[{"href":"https:\/\/www.halagchemie.ch\/fr\/wp-json\/wp\/v2\/types\/page"}],"author":[{"embeddable":true,"href":"https:\/\/www.halagchemie.ch\/fr\/wp-json\/wp\/v2\/users\/4"}],"replies":[{"embeddable":true,"href":"https:\/\/www.halagchemie.ch\/fr\/wp-json\/wp\/v2\/comments?post=216"}],"version-history":[{"count":0,"href":"https:\/\/www.halagchemie.ch\/fr\/wp-json\/wp\/v2\/pages\/216\/revisions"}],"wp:attachment":[{"href":"https:\/\/www.halagchemie.ch\/fr\/wp-json\/wp\/v2\/media?parent=216"}],"curies":[{"name":"wp","href":"https:\/\/api.w.org\/{rel}","templated":true}]}}