{"id":220,"date":"2012-07-05T13:13:58","date_gmt":"2012-07-05T13:13:58","guid":{"rendered":"https:\/\/www.halagchemie.ch\/?page_id=220"},"modified":"2014-06-04T06:50:17","modified_gmt":"2014-06-04T05:50:17","slug":"auto-draft-2","status":"publish","type":"page","link":"https:\/\/www.halagchemie.ch\/fr\/auto-draft-2\/","title":{"rendered":"News"},"content":{"rendered":"<p>Sur cette plate-forme, Halag met \u00e0 votre dispoisition des nouveaut\u00e9s sur les produits et des articles de presse issus de revues sp\u00e9cialis\u00e9es. Des informations int\u00e9ressantes dans le domaine de l\u2019entreprise et sur le th\u00e8me de l\u2019hygi\u00e8ne sont mises en ligne et mises \u00e0 jour r\u00e9guli\u00e8rement pour vous ici.<\/p>","protected":false},"excerpt":{"rendered":"<p>Sur cette plate-forme, Halag met \u00e0 votre dispoisition des nouveaut\u00e9s sur les produits et des articles de presse issus de revues sp\u00e9cialis\u00e9es. Des informations int\u00e9ressantes dans le domaine de l\u2019entreprise et sur le th\u00e8me de l\u2019hygi\u00e8ne sont mises en ligne et mises \u00e0 jour r\u00e9guli\u00e8rement pour vous ici.<\/p>\n","protected":false},"author":4,"featured_media":0,"parent":0,"menu_order":59,"comment_status":"open","ping_status":"open","template":"","meta":{"_acf_changed":false,"footnotes":""},"class_list":["post-220","page","type-page","status-publish","hentry"],"acf":[],"_links":{"self":[{"href":"https:\/\/www.halagchemie.ch\/fr\/wp-json\/wp\/v2\/pages\/220","targetHints":{"allow":["GET"]}}],"collection":[{"href":"https:\/\/www.halagchemie.ch\/fr\/wp-json\/wp\/v2\/pages"}],"about":[{"href":"https:\/\/www.halagchemie.ch\/fr\/wp-json\/wp\/v2\/types\/page"}],"author":[{"embeddable":true,"href":"https:\/\/www.halagchemie.ch\/fr\/wp-json\/wp\/v2\/users\/4"}],"replies":[{"embeddable":true,"href":"https:\/\/www.halagchemie.ch\/fr\/wp-json\/wp\/v2\/comments?post=220"}],"version-history":[{"count":0,"href":"https:\/\/www.halagchemie.ch\/fr\/wp-json\/wp\/v2\/pages\/220\/revisions"}],"wp:attachment":[{"href":"https:\/\/www.halagchemie.ch\/fr\/wp-json\/wp\/v2\/media?parent=220"}],"curies":[{"name":"wp","href":"https:\/\/api.w.org\/{rel}","templated":true}]}}