{"id":236,"date":"2012-07-05T13:38:52","date_gmt":"2012-07-05T13:38:52","guid":{"rendered":"https:\/\/www.halagchemie.ch\/?page_id=236"},"modified":"2016-04-13T15:43:38","modified_gmt":"2016-04-13T14:43:38","slug":"filme","status":"publish","type":"page","link":"https:\/\/www.halagchemie.ch\/fr\/nouvelles\/filme\/","title":{"rendered":"Film"},"content":{"rendered":"<p><strong>Avis du client (en trois langues)<\/strong><\/p>\n<p><iframe loading=\"lazy\" src=\"https:\/\/player.vimeo.com\/video\/162684912?color=AF211D&#038;title=0&#038;byline=0&#038;portrait=0\" width=\"750\" height=\"422\" frameborder=\"0\" webkitallowfullscreen mozallowfullscreen allowfullscreen><\/iframe><\/p>\n<p>Dans notre nouveau film de pr\u00e9sentation, nos clients peuvent donner leurs avis: que repr\u00e9sente la soci\u00e9t\u00e9 Halag pour mon entreprise?<\/p>\n<p>&nbsp;<\/p>\n<p><strong>Que repr\u00e9sente Halag?<\/strong><\/p>\n<p><iframe loading=\"lazy\" src=\"\/\/player.vimeo.com\/video\/78063727?title=0&amp;byline=0&amp;portrait=0&amp;color=ffffff\" width=\"750\" height=\"422\" frameborder=\"0\" allowfullscreen=\"allowfullscreen\"><\/iframe><\/p>\n<p>Halag repr\u00e9sente la propret\u00e9 aseptis\u00e9e, voil\u00e0 qui est clair. <br \/>\nMais aussi bien d&rsquo;autres choses: nos collaborateurs s&rsquo;expriment ici sur le th\u00e8me: Que repr\u00e9sente Halag?<\/p>\n<p>&nbsp;<\/p>\n<p><strong>Nettoyage professionnel des silos<\/strong><\/p>\n<p><iframe loading=\"lazy\" src=\"\/\/player.vimeo.com\/video\/97912874?title=0&amp;byline=0&amp;portrait=0&amp;color=ffffff\" width=\"750\" height=\"422\" frameborder=\"0\" allowfullscreen=\"allowfullscreen\"><\/iframe><\/p>\n<p>Les graisses, moisissures et spores n\u2019apparaissent bien souvent pas au premier regard dans les silos \u00e0 aliments vides. Des r\u00e9sidus et des microorganismes pr\u00e9sents dans le silo peuvent cependant endommager la nouvelle cargaison. Le recours \u00e0 une technique moderne permet de nettoyer les silos rapidement et de fond en comble.<\/p>\n<p>&nbsp;<\/p>\n<p><strong>Concept d\u2019hygi\u00e8ne pour la porcherie!<\/strong><\/p>\n<p><iframe loading=\"lazy\" src=\"http:\/\/player.vimeo.com\/video\/66245679?title=0&amp;byline=0&amp;portrait=0&amp;color=ffffff\" width=\"750\" height=\"422\" frameborder=\"0\" allowfullscreen=\"allowfullscreen\"><\/iframe><\/p>\n<p>Pour ce qui est de l&rsquo;hygi\u00e8ne \u00e0 la porcherie nombre d\u2019exploitations peuvent encore faire des progr\u00e8s. Bien se laver les mains, nettoyer et d\u00e9sinfecter les v\u00eatements de travail, la porcherie et les installations ainsi que douches \u00e0 truies: il n\u2019y a rien de compliqu\u00e9 dans la mise en oeuvre. Les porcs r\u00e9compenseront ces efforts en restant en bonne sant\u00e9 et en se distinguant par des performances \u00e9lev\u00e9es.<\/p>\n<p>&nbsp;<\/p>\n<p><strong>Concept d\u2019hygi\u00e8ne pour le poulailler!<\/strong><\/p>\n<p><iframe loading=\"lazy\" src=\"http:\/\/player.vimeo.com\/video\/66243067?title=0&amp;byline=0&amp;portrait=0&amp;color=ffffff\" width=\"750\" height=\"422\" frameborder=\"0\" allowfullscreen=\"allowfullscreen\"><\/iframe><\/p>\n<p>Malgr\u00e9 toutes les mesures de nettoyage et de d\u00e9sinfection des poulaillers, le pou rouge des volailles reste encore et toujours un grand probl\u00e8me. Avec l&rsquo;acaricide INDISPRON D 110\u00ae , la soci\u00e9t\u00e9 Halag Chemie AG propose une solution simple et efficace pour \u00e9liminer durablement le pou rouge des volailles.\u00a0<\/p>\n<p>&nbsp;<\/p>","protected":false},"excerpt":{"rendered":"<p>Avis du client (en trois langues) Dans notre nouveau film de pr\u00e9sentation, nos clients peuvent donner leurs avis: que repr\u00e9sente la soci\u00e9t\u00e9 Halag pour mon entreprise? &nbsp; Que repr\u00e9sente Halag? Halag repr\u00e9sente la propret\u00e9 aseptis\u00e9e, voil\u00e0 qui est clair. Mais aussi bien d&rsquo;autres choses: nos collaborateurs s&rsquo;expriment ici sur le th\u00e8me: Que repr\u00e9sente Halag? &nbsp; [&hellip;]<\/p>\n","protected":false},"author":4,"featured_media":0,"parent":378,"menu_order":2,"comment_status":"open","ping_status":"closed","template":"","meta":{"_acf_changed":false,"footnotes":""},"class_list":["post-236","page","type-page","status-publish","hentry"],"acf":[],"_links":{"self":[{"href":"https:\/\/www.halagchemie.ch\/fr\/wp-json\/wp\/v2\/pages\/236","targetHints":{"allow":["GET"]}}],"collection":[{"href":"https:\/\/www.halagchemie.ch\/fr\/wp-json\/wp\/v2\/pages"}],"about":[{"href":"https:\/\/www.halagchemie.ch\/fr\/wp-json\/wp\/v2\/types\/page"}],"author":[{"embeddable":true,"href":"https:\/\/www.halagchemie.ch\/fr\/wp-json\/wp\/v2\/users\/4"}],"replies":[{"embeddable":true,"href":"https:\/\/www.halagchemie.ch\/fr\/wp-json\/wp\/v2\/comments?post=236"}],"version-history":[{"count":0,"href":"https:\/\/www.halagchemie.ch\/fr\/wp-json\/wp\/v2\/pages\/236\/revisions"}],"up":[{"embeddable":true,"href":"https:\/\/www.halagchemie.ch\/fr\/wp-json\/wp\/v2\/pages\/378"}],"wp:attachment":[{"href":"https:\/\/www.halagchemie.ch\/fr\/wp-json\/wp\/v2\/media?parent=236"}],"curies":[{"name":"wp","href":"https:\/\/api.w.org\/{rel}","templated":true}]}}