{"id":283,"date":"2012-05-18T09:34:27","date_gmt":"2012-05-18T09:34:27","guid":{"rendered":"https:\/\/www.halagchemie.ch\/auto-draft\/datenblatter-downloaden\/"},"modified":"2025-11-13T08:04:05","modified_gmt":"2025-11-13T07:04:05","slug":"telecharger-fiches-techniques","status":"publish","type":"page","link":"https:\/\/www.halagchemie.ch\/fr\/telecharger-fiches-techniques\/","title":{"rendered":"T\u00e9l\u00e9charger fiches techniques"},"content":{"rendered":"<p>GHS signifie Global Harmonised System, soit syst\u00e8me mondial harmonis\u00e9 de classification et d\u2019identification des produits chimiques<\/p>\n<p>Les fiches techniques permettent de communiquer \u00e0 l\u2019utilisateur les informations n\u00e9cessaires concernant la s\u00e9curit\u00e9, le stockage et l\u2019application.<\/p>\n<p>Ces derni\u00e8res sont n\u00e9cessaires pour une utilisation correcte et permettent de prendre les mesures n\u00e9cessaires pour la protection de la sant\u00e9 et de l\u2019environnement ainsi que pour la s\u00e9curit\u00e9 sur le poste de travail.<\/p>\n<p><strong>Conform\u00e9ment \u00e0 la classification GHS, les produits suivants sont exempt\u00e9s d\u2019identification. En vertu des prescriptions l\u00e9gales, les produits exempt\u00e9s d\u2019identification ne n\u00e9cessitent pas de fiche de donn\u00e9es de s\u00e9curit\u00e9.<\/strong><\/p>\n<table style=\"width: 100%;\">\n<tbody>\n<tr style=\"height: 18px;\">\n<td style=\"width: 3.39149%; height: 18px;\" width=\"65\">10010730<\/td>\n<td style=\"width: 8.79968%; height: 18px;\" width=\"154\">Handcreme 730<\/td>\n<td style=\"width: 3.83046%; height: 25px;\">10010800<\/td>\n<td style=\"width: 12.7173%; height: 25px;\">HalaMani Handcreme<\/td>\n<td style=\"width: 0.839631%; height: 25px;\">10010829<\/td>\n<td style=\"width: 42.25%; height: 25px;\">Haladerm 829<\/td>\n<\/tr>\n<tr style=\"height: 25px;\">\n<td style=\"width: 3.39149%; height: 25px;\">10010760<\/td>\n<td style=\"width: 8.79968%; height: 25px;\">HalaMani save<\/td>\n<td style=\"width: 3.83046%; height: 24px;\">10010806<\/td>\n<td style=\"width: 12.7173%; height: 24px;\">HalaAbrasiv 806<\/td>\n<td style=\"width: 0.839631%; height: 25px;\">\u00a0<\/td>\n<td style=\"width: 42.25%; height: 25px;\">\u00a0<\/td>\n<\/tr>\n<tr style=\"height: 24px;\">\n<td style=\"width: 3.39149%; height: 24px;\">10010761<\/td>\n<td style=\"width: 8.79968%; height: 24px;\">Haladerm 761<\/td>\n<td style=\"width: 3.83046%; height: 18px;\">10010825<\/td>\n<td style=\"width: 12.7173%; height: 18px;\">Haladerm 825<\/td>\n<td style=\"width: 0.839631%; height: 24px;\">\u00a0<\/td>\n<td style=\"width: 42.25%; height: 24px;\">\u00a0<\/td>\n<\/tr>\n<\/tbody>\n<\/table>\n<p>&nbsp;<\/p>","protected":false},"excerpt":{"rendered":"<p>GHS signifie Global Harmonised System, soit syst\u00e8me mondial harmonis\u00e9 de classification et d\u2019identification des produits chimiques Les fiches techniques permettent de communiquer \u00e0 l\u2019utilisateur les informations n\u00e9cessaires concernant la s\u00e9curit\u00e9, le stockage et l\u2019application. Ces derni\u00e8res sont n\u00e9cessaires pour une utilisation correcte et permettent de prendre les mesures n\u00e9cessaires pour la protection de la sant\u00e9 [&hellip;]<\/p>\n","protected":false},"author":4,"featured_media":0,"parent":0,"menu_order":39,"comment_status":"closed","ping_status":"closed","template":"template-specs.php","meta":{"_acf_changed":false,"footnotes":""},"class_list":["post-283","page","type-page","status-publish","hentry"],"acf":[],"_links":{"self":[{"href":"https:\/\/www.halagchemie.ch\/fr\/wp-json\/wp\/v2\/pages\/283","targetHints":{"allow":["GET"]}}],"collection":[{"href":"https:\/\/www.halagchemie.ch\/fr\/wp-json\/wp\/v2\/pages"}],"about":[{"href":"https:\/\/www.halagchemie.ch\/fr\/wp-json\/wp\/v2\/types\/page"}],"author":[{"embeddable":true,"href":"https:\/\/www.halagchemie.ch\/fr\/wp-json\/wp\/v2\/users\/4"}],"replies":[{"embeddable":true,"href":"https:\/\/www.halagchemie.ch\/fr\/wp-json\/wp\/v2\/comments?post=283"}],"version-history":[{"count":0,"href":"https:\/\/www.halagchemie.ch\/fr\/wp-json\/wp\/v2\/pages\/283\/revisions"}],"wp:attachment":[{"href":"https:\/\/www.halagchemie.ch\/fr\/wp-json\/wp\/v2\/media?parent=283"}],"curies":[{"name":"wp","href":"https:\/\/api.w.org\/{rel}","templated":true}]}}