{"id":382,"date":"2012-08-27T12:11:42","date_gmt":"2012-08-27T12:11:42","guid":{"rendered":"https:\/\/www.halagchemie.ch\/?page_id=382"},"modified":"2024-10-30T16:13:40","modified_gmt":"2024-10-30T15:13:40","slug":"modele","status":"publish","type":"page","link":"https:\/\/www.halagchemie.ch\/fr\/a-propos-de-nous\/modele\/","title":{"rendered":"Mod\u00e8le"},"content":{"rendered":"<p><strong>Vision<\/strong><\/p>\n<p>Halag\u00a0Chemie\u00a0AG est le principal fournisseur de produits et de services dans le secteur de l\u2019hygi\u00e8ne et du nettoyage pour l\u2019industrie alimentaire et les domaines apparent\u00e9s en Suisse et sur les march\u00e9s limitrophes.<\/p>\n<p>Nous concevons, produisons et commercialisons des solutions durables qui r\u00e9pondent aux besoins en mati\u00e8re d\u2019hygi\u00e8ne professionnelle, que ce soit dans les entreprises, pour les services d\u2019entretien ou le personnel.<\/p>\n<p>Notre objectif est de d\u00e9velopper des partenariats p\u00e9rennes avec nos clients gr\u00e2ce \u00e0 une offre de services et de produits innovants et durables. Halag\u00a0Services s\u2019impose comme un acteur cl\u00e9 pour garantir l\u2019hygi\u00e8ne et la s\u00e9curit\u00e9 alimentaire de la g\u00e9n\u00e9ration actuelle et des g\u00e9n\u00e9rations futures.<\/p>\n<p>Notre priorit\u00e9 est de satisfaire nos clients et de motiver notre personnel. Nous continuons \u00e0 nous d\u00e9velopper avec nos clients.<\/p>\n<p>Nous nous engageons \u00e0 fournir des prestations de qualit\u00e9 optimale.<\/p>\n<p>&nbsp;<\/p>\n<p><strong>Mission<\/strong><\/p>\n<p>En partenariat avec nos clients de l\u2019industrie alimentaire, nous contribuons efficacement \u00e0 la s\u00e9curit\u00e9 alimentaire ainsi qu\u2019\u00e0 l\u2019approvisionnement de la population en denr\u00e9es alimentaires de premi\u00e8re qualit\u00e9.<\/p>\n<p>&nbsp;<\/p>\n<p><strong>Charte <\/strong><\/p>\n<p>Nous sommes une entreprise innovante et visionnaire, sp\u00e9cialis\u00e9e dans le domaine de l\u2019hygi\u00e8ne et du nettoyage, qui propose une grande vari\u00e9t\u00e9 de produits et services. Nous entretenons des relations durables et de confiance avec nos clients et nos fournisseurs.<\/p>\n<p>Nous r\u00e9pondons aux attentes de nos clients en proposant des formations et des conseils sp\u00e9cialis\u00e9s, des solutions de nettoyage sur mesure adapt\u00e9es aux entreprises, ainsi que des produits de premi\u00e8re qualit\u00e9 fabriqu\u00e9s en Suisse.<\/p>\n<p>Nous accordons une grande importance \u00e0 l\u2019assurance qualit\u00e9 et aux solutions orient\u00e9es clients qui sont soumises \u00e0 des processus continus.<\/p>\n<p>Garantir la disponibilit\u00e9 de nos produits, les livrer dans les d\u00e9lais impartis, \u00eatre en mesure de r\u00e9agir rapidement et de r\u00e9soudre les probl\u00e8mes sont les aspects essentiels de notre m\u00e9tier.<\/p>\n<p>Notre \u00e9quipe de direction se concentre sur nos comp\u00e9tences cl\u00e9s et vise une croissance durable et autonome au sein d\u2019une entreprise de production moderne qui r\u00e9pond \u00e0 des normes environnementales et de s\u00e9curit\u00e9 \u00e9lev\u00e9es.<\/p>\n<p>Quel que soit la fonction exerc\u00e9e, notre personnel fait preuve de loyaut\u00e9, de professionnalisme, de cr\u00e9ativit\u00e9 et de motivation, et effectue son travail avec plaisir. Nous accordons une attention particuli\u00e8re aux attentes de notre personnel. Nous nous engageons en faveur de la protection sociale et d\u2019une formation initiale et continue cibl\u00e9e, appropri\u00e9e et bas\u00e9e sur la pratique.<\/p>\n<p>Nous privil\u00e9gions la motivation, la communication, la coordination et la coop\u00e9ration.<\/p>","protected":false},"excerpt":{"rendered":"<p>Vision Halag\u00a0Chemie\u00a0AG est le principal fournisseur de produits et de services dans le secteur de l\u2019hygi\u00e8ne et du nettoyage pour l\u2019industrie alimentaire et les domaines apparent\u00e9s en Suisse et sur les march\u00e9s limitrophes. Nous concevons, produisons et commercialisons des solutions durables qui r\u00e9pondent aux besoins en mati\u00e8re d\u2019hygi\u00e8ne professionnelle, que ce soit dans les entreprises, [&hellip;]<\/p>\n","protected":false},"author":4,"featured_media":0,"parent":380,"menu_order":1,"comment_status":"open","ping_status":"open","template":"","meta":{"_acf_changed":false,"footnotes":""},"class_list":["post-382","page","type-page","status-publish","hentry"],"acf":[],"_links":{"self":[{"href":"https:\/\/www.halagchemie.ch\/fr\/wp-json\/wp\/v2\/pages\/382","targetHints":{"allow":["GET"]}}],"collection":[{"href":"https:\/\/www.halagchemie.ch\/fr\/wp-json\/wp\/v2\/pages"}],"about":[{"href":"https:\/\/www.halagchemie.ch\/fr\/wp-json\/wp\/v2\/types\/page"}],"author":[{"embeddable":true,"href":"https:\/\/www.halagchemie.ch\/fr\/wp-json\/wp\/v2\/users\/4"}],"replies":[{"embeddable":true,"href":"https:\/\/www.halagchemie.ch\/fr\/wp-json\/wp\/v2\/comments?post=382"}],"version-history":[{"count":0,"href":"https:\/\/www.halagchemie.ch\/fr\/wp-json\/wp\/v2\/pages\/382\/revisions"}],"up":[{"embeddable":true,"href":"https:\/\/www.halagchemie.ch\/fr\/wp-json\/wp\/v2\/pages\/380"}],"wp:attachment":[{"href":"https:\/\/www.halagchemie.ch\/fr\/wp-json\/wp\/v2\/media?parent=382"}],"curies":[{"name":"wp","href":"https:\/\/api.w.org\/{rel}","templated":true}]}}