{"id":9448,"date":"2016-12-02T09:58:49","date_gmt":"2016-12-02T08:58:49","guid":{"rendered":"https:\/\/www.halagchemie.ch\/fr\/?page_id=9448"},"modified":"2016-12-02T11:17:36","modified_gmt":"2016-12-02T10:17:36","slug":"merci-de-nous-avoir-contactes","status":"publish","type":"page","link":"https:\/\/www.halagchemie.ch\/fr\/grippe-aviaire\/merci-de-nous-avoir-contactes\/","title":{"rendered":"Merci de nous avoir contact\u00e9s"},"content":{"rendered":"<p>Nous vous remercions de nous avoir contact\u00e9s. Vous recevrez prochainement une confirmation par mail.\u00a0 <br \/>Vous trouverez des informations compl\u00e9mentaires dans le <a href=\"https:\/\/www.admin.ch\/gov\/fr\/accueil\/documentation\/communiques.msg-id-64513.html\">communiqu\u00e9 de presse<\/a> de l\u2019Office f\u00e9d\u00e9ral de la s\u00e9curit\u00e9 alimentaire et des affaires v\u00e9t\u00e9rinaires (OSAV).<\/p>","protected":false},"excerpt":{"rendered":"<p>Nous vous remercions de nous avoir contact\u00e9s. Vous recevrez prochainement une confirmation par mail.\u00a0 Vous trouverez des informations compl\u00e9mentaires dans le communiqu\u00e9 de presse de l\u2019Office f\u00e9d\u00e9ral de la s\u00e9curit\u00e9 alimentaire et des affaires v\u00e9t\u00e9rinaires (OSAV).<\/p>\n","protected":false},"author":4,"featured_media":0,"parent":9454,"menu_order":0,"comment_status":"closed","ping_status":"closed","template":"","meta":{"_acf_changed":false,"footnotes":""},"class_list":["post-9448","page","type-page","status-publish","hentry"],"acf":[],"_links":{"self":[{"href":"https:\/\/www.halagchemie.ch\/fr\/wp-json\/wp\/v2\/pages\/9448","targetHints":{"allow":["GET"]}}],"collection":[{"href":"https:\/\/www.halagchemie.ch\/fr\/wp-json\/wp\/v2\/pages"}],"about":[{"href":"https:\/\/www.halagchemie.ch\/fr\/wp-json\/wp\/v2\/types\/page"}],"author":[{"embeddable":true,"href":"https:\/\/www.halagchemie.ch\/fr\/wp-json\/wp\/v2\/users\/4"}],"replies":[{"embeddable":true,"href":"https:\/\/www.halagchemie.ch\/fr\/wp-json\/wp\/v2\/comments?post=9448"}],"version-history":[{"count":0,"href":"https:\/\/www.halagchemie.ch\/fr\/wp-json\/wp\/v2\/pages\/9448\/revisions"}],"up":[{"embeddable":true,"href":"https:\/\/www.halagchemie.ch\/fr\/wp-json\/wp\/v2\/pages\/9454"}],"wp:attachment":[{"href":"https:\/\/www.halagchemie.ch\/fr\/wp-json\/wp\/v2\/media?parent=9448"}],"curies":[{"name":"wp","href":"https:\/\/api.w.org\/{rel}","templated":true}]}}