{"id":10299,"date":"2018-05-22T11:08:24","date_gmt":"2018-05-22T10:08:24","guid":{"rendered":"https:\/\/www.halagchemie.ch\/datenschutz\/"},"modified":"2018-06-14T13:53:56","modified_gmt":"2018-06-14T12:53:56","slug":"informativa_sulla_protezione_dei_dati","status":"publish","type":"page","link":"https:\/\/www.halagchemie.ch\/it\/informativa_sulla_protezione_dei_dati\/","title":{"rendered":"Informativa sulla protezione dei dati"},"content":{"rendered":"<p>Grazie per il vostro interessamento alla nostra impresa. Prendiamo sul serio la protezione dei dati. <br \/>\nIn linea di massima potete utilizzare il nostro sito web senza indicare nessun dato personale. Se una persona interessata desidera ricevere prestazioni della nostra impresa tramite il nostro sito Internet, potrebbe rendersi necessario un trattamento di dati personali. Se si rende necessario un trattamento di dati personali e se per un tale trattamento non esiste nessuna base giuridica, allora richiediamo sempre un consenso della persona interessata.<\/p>\n<p>Il trattamento dei dati personali (ad es. nome, indirizzo, indirizzo e-mail o numero di telefono della persona interessata), avviene sempre in conformit\u00e0 al Regolamento europeo sulla protezione dei dati (GDPR) e in conformit\u00e0 con le disposizioni sulla protezione dei dati specifiche del paese valide per noi.<\/p>\n<p>Con la successiva informativa sulla protezione dei dati desideriamo informare il pubblico sul tipo, sull\u2019entit\u00e0 e sullo scopo dei dati personali da noi rilevati, utilizzati e trattati. Attraverso la presente informativa sulla protezione dei dati si informano anche le persone interessate riguardo ai diritti loro spettanti.<\/p>\n<p>In quanto responsabili per il trattamento abbiamo attuato numerose misure sia tecniche che organizzative, al fine di garantire una protezione il pi\u00f9 completa possibile dei dati personali trattati tramite il nostro sito web. <br \/>\nTuttavia le trasmissioni dei dati tramite Internet possono contenere per principio delle lacune in materia di sicurezza. Quindi non \u00e8 possibile garantire una protezione al 100 %. Pertanto, ogni persona interessata pu\u00f2 trasmetterci alternativamente per posta o per telefono i dati personali.<\/p>\n<p>&nbsp;<\/p>\n<h2><strong>Registrazione dei dati sul nostro sito web<\/strong><\/h2>\n<p>Il trattamento dei dati su questo sito web avviene tramite il gestore del sito web.<\/p>\n<p>Halag Chemie AG<br \/>\nWeiernstrasse 30<br \/>\nCH-8355 Aadorf<br \/>\nTel.\u00a0\u00a0 +41 58 433 68 68<br \/>\n<a href=\"mailto:info@halagchemie.ch\">info@halagchemie.ch<\/a><\/p>\n<h3><strong>Come registriamo i vostri dati?<\/strong><\/h3>\n<p>Per principio potete utilizzare il nostro sito web senza rivelare la vostra identit\u00e0. Richiamando il nostro sito web, attraverso il browser impiegato sul vostro apparecchio finale, delle informazioni sono inviate automaticamente al browser del nostro sito web. Queste informazioni sono salvate temporaneamente in un cosiddetto logfile. Le seguenti informazioni saranno registrate senza il vostro consenso e memorizzate fino alla cancellazione automatica:<\/p>\n<ul>\n<li>\n<p>Indirizzo IP del calcolatore richiedente,<\/p>\n<\/li>\n<li>\n<p>data e ora dell\u2019accesso,<\/p>\n<\/li>\n<li>\n<p>nome e URL del file richiamato,<\/p>\n<\/li>\n<li>\n<p>sito web da dove avviene l\u2019accesso (Referrer-URL),<\/p>\n<\/li>\n<li>\n<p>browser utilizzato ed eventualmente il sistema operativo del vostro calcolatore <br \/>\nnonch\u00e9 il nome del vostro provider di accesso.<\/p>\n<\/li>\n<\/ul>\n<p>I dati elencati sono elaborati da noi per i seguenti scopi:<\/p>\n<ul>\n<li>\n<p>garantire una creazione della connessione senza problemi del sito web,<\/p>\n<\/li>\n<li>\n<p>garantire un uso comodo del nostro sito web,<\/p>\n<\/li>\n<li>\n<p>analisi della sicurezza e stabilit\u00e0 del sistema e<\/p>\n<\/li>\n<li>\n<p>per gli altri scopi amministrativi.<\/p>\n<\/li>\n<\/ul>\n<p>La base giuridica per il trattamento dei dati \u00e8 l\u2019articolo 6 cpv. 1 frase 1 lett. f GDPR. Il nostro interesse legittimo risulta dagli scopi sopra elencati per il rilevamento dei dati. <br \/>\n<strong>In nessun caso utilizziamo i dati rilevati per trarre conclusioni sulla vostra persona.<\/strong><\/p>\n<p>Inoltre, al momento della visita del nostro sito web impieghiamo dei cookie. Ricevete spiegazioni pi\u00f9 particolareggiate in merito in questa informativa sulla protezione dei dati.<\/p>\n<h3><strong>Trasferimento di dati<\/strong><\/h3>\n<p>Un trasferimento dei vostri dati personali da parte nostro a terzi avviene esclusivamente ai partner del servizio nell\u2019ambito dello svolgimento dell\u2019incarico, come ad es. l\u2019impresa di logistica incaricata della fornitura. Non avviene nessun trasferimento dei vostri dati personali a terzi per scopi diversi da quelli di cui sopra . Trasferiamo i vostri dati personali a terzi soltanto se:<\/p>\n<ul>\n<li>\n<p>avete dato il vostro consenso esplicito in merito ai sensi dell\u2019articolo 6 cpv. 1 frase 1 lett. a GDPR,<\/p>\n<\/li>\n<li>\n<p>il trasferimento ai sensi dell\u2019articolo 6 cpv. 1 frase 1 lett. f GDPR, \u00e8 necessario per fare valere, esercitare o difendere diritti soggettivi e non sussiste nessun motivo di presumere che abbiate un interesse prevalentemente degno di protezione al non trasferimento dei vostri dati,<\/p>\n<\/li>\n<li>\n<p>per il caso, che per il trasferimento ai sensi dell\u2019articolo 6 cpv. 1 frase 1 lett. c GDPR sussiste un obbligo di legge, come anche questo \u00e8 legalmente permesso e necessario ai sensi dell\u2019articolo 6 cpv. 1 frase\u00a0 1 lett. b GDPR per l\u2019evasione di rapporti contrattuali con voi.<\/p>\n<\/li>\n<\/ul>\n<h3><strong>Formulario di contatto<\/strong><\/h3>\n<p>Nel caso di domande di qualsiasi genere, vi offriamo di comunicare con noi attraverso il formulario di contatto. In questo contesto \u00e8 necessario indicare un indirizzo di e-mail valido per consentirci di sapere da chi proviene la domanda e per potervi rispondere.\u00a0 Ulteriori informazioni possono essere date volontariamente. Siete liberi di decidere se volete inviare questi dati nell\u2019ambito della presa di contatto. <br \/>\nIl trattamento dei dati allo scopo della presa di contatto con noi avviene secondo l\u2019articolo 6 cpv. 1 frase 1 lett. a GDPR sulla base del vostro consenso impartito volontariamente.<\/p>\n<h3><strong>Opposizione all\u2019invio di mail pubblicitarie<\/strong><\/h3>\n<p>Con il presente \u00e8 fatta opposizione all\u2019utilizzo dei dati di contatto pubblicati nell\u2019ambito dell\u2019obbligo di pubblicazione di colophon per l\u2019invio di pubblicit\u00e0 e materiale informativo non espressamente richiesto.<\/p>\n<p>&nbsp;<\/p>\n<h2><strong>Registrazione dei dati sul nostro sito web<\/strong><\/h2>\n<h3><strong>Cookie<\/strong><\/h3>\n<p>I siti Internet utilizzano in parte cosiddetti cookie. Sul vostro calcolatore i cookie non fanno danni e non contengono nessun virus, troiano o software dannosa di altro genere. I cookie servono a rendere la nostra offerta pi\u00f9 facile da usare, pi\u00f9 effettiva e pi\u00f9 sicura.\u00a0 I cookie sono piccoli file di testo, che vengono archiviati sul vostro apparecchio finale e che il vostro browser memorizza automaticamente.<\/p>\n<p>La maggior parte dei cookie utilizzati da noi sono cosiddetti \u201cSession-Cookie\u201d. Al termine della vostra visita verranno cancellati automaticamente. Altri cookie rimangono memorizzati sul vostro apparecchio finale fino alla loro cancellazione da parte vostra. Nel caso di una nuova visita della nostra pagina, questi cookie ci consentono di riconoscere che voi ci avete gi\u00e0 visitato. Dopo un periodo definito, questi cookie saranno cancellati automaticamente.<\/p>\n<p>Potete regolare il vostro browser in modo tale da venire informati sull\u2019installazione di cookie e consentire i cookie soltanto in singoli casi, escludere l\u2019accettazione di cookie per determinati casi o escluderla in generale nonch\u00e9 attivare la cancellazione automatica dei cookie alla chiusura del browser. Nel caso della disattivazione dei cookie la funzionalit\u00e0 di questo sito web pu\u00f2 essere ridotta.<\/p>\n<p>I cookie che sono necessari per l\u2019esecuzione della procedura di comunicazione elettronica o per l\u2019approntamento delle funzioni da voi desiderate (ad es. l\u2019iscrizione ai workshop) sono memorizzati in base all\u2019articolo 6 cpv. 1 lett. f GDPR. Abbiamo un interesse lecito alla memorizzazione di cookie per l\u2019approntamento tecnicamente ineccepibile e ottimizzato dei nostri servizi. Nella misura in cui si memorizzano altri cookie (ad es. i cookie per analizzare il vostro comportamento di navigazione), questi sono trattati separatamente in questa informativa sulla protezione dei dati.<\/p>\n<h3><strong>Registrazione del portale clienti<\/strong><\/h3>\n<p>Per potere utilizzare delle funzioni supplementari, potete registrarvi sul nostro sito web per il portale clienti. Utilizziamo i dati inseriti a questo proposito soltanto per lo scopo dell\u2019utilizzo della relativa offerta o del relativo servizio, per la\/il quale vi siete registrati.\u00a0 Le informazioni obbligatorie richieste al momento della registrazione devono essere indicate completamente.\u00a0 In caso contrario saremo costretti a rifiutare la registrazione.<\/p>\n<p>Per le modifiche importanti, ad esempio nel caso dell\u2019entit\u00e0 dell\u2019offerta o per modifiche necessarie dal punto di vista tecnico utilizziamo l\u2019indirizzo di e-mail indicato al momento della registrazione per informarvi in questo modo.<\/p>\n<p>Il trattamento dei dati inseriti al momento della registrazione avviene sulla base del vostro consenso (articolo 6 cpv. 1 lett. a GDPR). Un vostro consenso accordato pu\u00f2 essere revocato in qualsiasi momento. A questo proposito basta una semplice comunicazione per e-mail. La revoca non tange la legittimit\u00e0 del trattamento dei dati gi\u00e0 avvenuto.<\/p>\n<p>Memorizziamo i dati registrati al momento della registrazione fintanto che siete registrati sul nostro sito web e saranno successivamente cancellati. I termini di conservazione legali non sono interessati.<\/p>\n<p>All\u2019interno del portale clienti utilizziamo la diffusa procedura SSL (Secure Socket Layer). Riconoscete alla rappresentazione chiusa del simbolo della chiave o della serratura nella barra di stato del vostro browser se una singola pagina del nostro portale clienti viene trasmessa cifrata.<\/p>\n<p>&nbsp;<\/p>\n<h2><strong>Strumenti di analisi<\/strong><\/h2>\n<h3><strong>Google Analytics<\/strong><\/h3>\n<p>Questo sito web utilizza Google Analytics, un servizio di analisi web della Google Inc. (\u201eGoogle\u201c). <\/p>\n<p>Google Analytics \u00e8 un servizio di analisi web. L\u2019analisi web \u00e8 il rilevamento, la raccolta e l\u2019analisi di dati sul comportamento dei visitatori di siti Internet. Un servizio di analisi web registra tra l\u2019altro i dati da quale pagina Internet una persona interessata \u00e8 arrivata a una pagina Internet (cosiddetti Referrer), su quali sottopagine si \u00e8 acceduto o con quale frequenza e per quale durata \u00e8 stata osservata una sottopagina.\u00a0 Un\u2019analisi web \u00e8 impiegata prevalentemente per l\u2019ottimizzazione di una pagina Internet. <\/p>\n<p>La societ\u00e0 di gestione della componente Google Analytics \u00e8 la Google Inc., 1600 Amphitheatre Pkwy, Montain View, CA 94043-1351, USA.<\/p>\n<p>Mediante il cookie si memorizzano le informazioni personali, ad esempio l\u2019ora di accesso, il luogo da cui \u00e8 partito un accesso e la frequenza delle visite della nostra pagina Internet da parte della persona interessata. Durante ogni visita della mia pagina Internet, questi dati personali, compreso l\u2019indirizzo IP dell\u2019accesso a Internet utilizzato dalla persona interessata, sono trasmessi a Google negli Stati Uniti d\u2019America. Google memorizza questi dati personali negli Stati Uniti d\u2019America In determinate circostanze Google trasmette a terzi questi dati personali rilevati attraverso la procedura tecnica.<\/p>\n<p>Come gi\u00e0 spiegato sopra, la persona interessata pu\u00f2 impedire in qualsiasi momento l&#8217;attivazione di cookie da parte del nostro sito web, mediante una relativa impostazione del browser di Internet utilizzato e di conseguenza opporsi durevolmente all\u2019attivazione di cookie. Una tale impostazione del browser di Internet utilizzato impedirebbe anche che Google attivi un cookie sul sistema di informazione tecnologica della persona interessata. Inoltre un cookie gi\u00e0 attivato da Google Analytics pu\u00f2 essere cancellato in qualsiasi momento tramite il browser di Internet o altri programmi di software.<\/p>\n<p>Inoltre, per la persona interessata sussiste la possibilit\u00e0 di opporsi a una registrazione dei dati generati da parte di Google Analytics, riferiti a un utilizzo del nostro sito web nonch\u00e9 al trattamento di questi dati da parte di Google e di impedirla. A questo proposito la persona interessata deve scaricare e installare un Browser-Add-On al link <a href=\"https:\/\/tools.google.com\/dlpage\/gaoptout?hl=it\">https:\/\/tools.google.com\/dlpage\/gaoptout?hl=it<\/a> Questo Browser-Add-On comunica a Google Analytics tramite JavaScript, che non possono essere pi\u00f9 trasmessi dati e informazioni riguardo ai visitatori di siti Internet a Google Analytics. Google valuta l\u2019installazione del Browser-Add-Ons come opposizione. Se successivamente il sistema informatico della persona interessata \u00e8 cancellato, formattato o reinstallato, la persona interessata deve provvedere a nuova installazione del Browser-Add-On per disattivare Google Analytics. Se il Browser-Add-On \u00e8 disinstallato o disattivato dalla persona interessata o da un\u2019altra persona da attribuire al suo ambito di influenza, sussiste la possibilit\u00e0 di installare di nuovo o della riattivazione del Browser-Add-On.<\/p>\n<h3><strong>Google-Maps<\/strong><\/h3>\n<p>Questo sito web utilizza Google Maps per la creazione di una mappa. Google Maps \u00e8 gestita da Google Inc., 1600 Amphitheatre Parkway, Mountain View, CA 94043, USA. Con l\u2019utilizzo di questo sito Web vi dichiarate d\u2019accordo con la registrazione, il trattamento nonch\u00e9 l\u2019utilizzo da parte di Google, di uno dei suoi rappresentanti o di terzi offerenti dei dati rilevati automaticamente come anche di quelli inseriti da voi. Trovate ulteriori informazioni riguardo all\u2019utilizzo dei dati di utenti nell\u2019informativa sulla protezione dei dati di Google-Maps all\u2019indirizzo <a href=\"http:\/\/www.google.com\/intl\/it_it\/help\/terms_maps.html\">http:\/\/www.google.com\/intl\/it_it\/help\/terms_maps.html<\/a><strong>\u00a0<\/strong><\/p>\n<p>&nbsp;<\/p>\n<h2><strong>Plugin<\/strong><\/h2>\n<h3><strong>Vimeo<\/strong><\/h3>\n<p>Il nostro sito web utilizza Plugin del sito Vimeo. Gestore dei siti \u00e8 la Vimeo, Inc. 555 West 18th Street, New York, New York 10011 A.<\/p>\n<p>Se visitate una delle nostre pagine equipaggiate con un plugin Vimeo, sar\u00e0 creata una connessione con i server di Vimeo. Al server Vimeo sar\u00e0 comunicata quali delle nostre pagine avete visitato. Se avete eseguito il log-in nel vostro account Vimeo, consentite a Vimeo di attribuire il vostro comportamento di navigazione direttamente al vostro profilo personale.\u00a0 Lo potete impedire eseguendo il log-out dal vostro account Vimeo.<\/p>\n<p>L\u2019utilizzo di Vimeo avviene nell\u2019interesse di una presentazione gradevole delle nostre offerte online. Questo rappresenta un interesse lecito ai sensi dell\u2019articolo 6 cpv. 1 lett. f GDPR. Trovate ulteriori informazioni riguardo all\u2019utilizzo di dati di utente nell\u2019informativa sulla protezione dei dati di Vimeo all\u2019indirizzo: <a href=\"https:\/\/vimeo.com\/privacy\">https:\/\/vimeo.com\/privacy<\/a>.<\/p>\n<h3><strong>Google Web Fonts<\/strong><\/h3>\n<p>Questa pagina utilizza per la raffigurazione uniforme cosiddetti Web Font, messi a disposizione da Google. Al momento del richiamo di una pagina, il vostro browser carica i Web Font necessari nel vostro Browsercache, per mostrare in modo corretto i testi e i caratteri.<\/p>\n<p>Per questo scopo il browser da voi utilizzato deve connettersi con i server di Google. In questo modo Google viene a conoscenza, che il nostro sito web \u00e8 stato richiamata tramite il vostro indirizzo IP.\u00a0\u00a0 L\u2019utilizzo di Google Web Fonts avviene nell\u2019interesse di una rappresentazione uniforme e gradevole delle nostre offerte online. Questo rappresenta un interesse lecito ai sensi dell\u2019articolo 6 cpv. 1 lett. f GDPR.<\/p>\n<p>Se il vostro browser non supporta Web Fonts, il vostro computer utilizza un tipo di carattere standard.<\/p>\n<p>Trovate ulteriori informazioni riguardo a Google Web Fonts all\u2019indirizzo <a href=\"https:\/\/developers.google.com\/fonts\/faq\">https:\/\/developers.google.com\/fonts\/faq<\/a> e nell\u2019informativa sulla protezione dei dati di Google: <a href=\"https:\/\/policies.google.com\/privacy?hl=it\">https:\/\/policies.google.com\/privacy?hl=it<\/a>.<\/p>\n<h3><strong>Collegamenti e link creati<\/strong><\/h3>\n<p>Non disponiamo di un controllo completo del collegamento del nostro sito web con altri indirizzi di dominio e senza consenso non possiamo approvare una tale connessione.\u00a0\u00a0 Non potendo Halag eseguire un controllo continuo dei collegamenti con altri siti web, si declina qualsiasi responsabilit\u00e0 per il loro contenuto.<\/p>\n<p>I link creati su questo sito web avvengono a proprio rischio. Con l\u2019utilizzo di tali connessioni prendete atto che le basi giuridiche e le disposizioni sulla protezione dei dati su tali siti web possono divergere da quelle che vigono su questo sito web. I collegamenti su questo sito web sono consentiti soltanto sulla homepage; senza un espresso consenso scritto non \u00e8 consentito un cosiddetto &#8220;Deep Linking&#8221;.<\/p>\n<h3><strong>Diritti degli interessati<\/strong><\/h3>\n<p>Avete il diritto:<\/p>\n<ul>\n<li>\n<p>in conformit\u00e0 all\u2019articolo 15 GDPR di esigere informazioni sui vostri dati personali trattati da noi. In particolare potete esigere informazioni sugli scopi di trattamento, sulla categoria dei dati personali, sulle categorie di destinatari nei confronti dei quali i vostri dati sono stati o saranno resi pubblici, sulla durata di memorizzazione prevista,\u00a0 sull\u2019esistenza di un diritto alla cancellazione, alla limitazione del trattamento o all\u2019opposizione, sulla provenienza dei vostri dati, se questi non sono stati rilevati da me, come anche sull\u2019esistenza di un procedimento decisionale automatizzato, compreso il profiling ed eventualmente informazioni pertinenti sui loro particolari;<\/p>\n<\/li>\n<li>\n<p>di esigere ai sensi dell\u2019articolo 16 GDPR immediatamente la rettifica o il completamento dei vostri dati personali non giusti memorizzati presso di noi;<\/p>\n<\/li>\n<li>\n<p>di esigere ai sensi dell\u2019articolo 17 GDPR la cancellazione dei vostri dati personali memorizzati da noi, nella misura in cui il trattamento non \u00e8 necessario per l\u2019esercizio della libert\u00e0 di espressione e informazione, per l\u2019adempimento di un obbligo legale, per motivi di interesse pubblico o per fare valere, esercitare o difendere diritti soggettivi; di esigere ai sensi dell\u2019articolo 18 GDPR la limitazione del trattamento dei vostri dati personali, nella misura in cui voi contestate la correttezza dei dati, il trattamento \u00e8 illegale, ma voi rifiutate la loro cancellazione e noi non abbiamo pi\u00f9 bisogno dei dati, ma che voi ne avete bisogno per fare valere, esercitare o difendere diritti soggettivi o voi avete fatto opposizione contro il trattamento ai sensi dell\u2019articolo 21 GDPR;<\/p>\n<\/li>\n<li>\n<p>di esigere in conformit\u00e0 all\u2019articolo 20 GDPR, di ricevere i vostri dati personali che ci avete messo a disposizione in un formato strutturato, usuale e in un formato adatto ad applicazioni elettroniche leggibile o la trasmissione a un altro titolare;<\/p>\n<\/li>\n<li>\n<p>di revocare in conformit\u00e0 all\u2019articolo 7 cpv. 3 GDPR in qualsiasi momento nei nostri confronti il vostro consenso dato una volta. Da questo consegue, che per il futuro noi non possiamo pi\u00f9 continuare con il trattamento dei dati, che si basava su questo consenso e<\/p>\n<\/li>\n<li>\n<p>in conformit\u00e0 all\u2019articolo 77 GDPR di reclamare presso un\u2019autorit\u00e0 di sorveglianza. Di regola per ci\u00f2 potete rivolgervi all\u2019autorit\u00e0 di vigilanza del vostro luogo di soggiorno usuale o della nostra sede aziendale.<\/p>\n<\/li>\n<\/ul>\n<p>Se desiderate esercitare i vostri diritti dell\u2019interessato, basta un\u00a0e-mail a: <strong>info@halagchemie.ch<\/strong>, per posta: Halag Chemie AG, Datenschutz, Weiernstrasse 30, 8355 Aadorf, Svizzera, Tel +41 58 433 68 68.<\/p>\n<h3><strong>Diritto di opposizione<\/strong><\/h3>\n<p>Se i vostri dati personali sono trattati sulla base di interessi legittimi ai sensi dell\u2019articolo 6 cpv. 1 frase. 1 lett. f GDPR, avete il diritto, in conformit\u00e0 all\u2019articolo 21 GDPR, di fare opposizione contro il trattamento dei vostri dati personali, nella misura in cui esistono motivi che risultano dalla vostra situazione particolare o l\u2019opposizione si rivolge contro la pubblicit\u00e0 diretta. Nell\u2019ultimo caso disponete di un diritto di opposizione generale, che viene attuato da noi senza indicazione di una situazione particolare. Se desiderate esercitare il vostro diritto di revoca o di opposizione, basta un e-mail a: <strong>info@halagchemie.ch<\/strong>, per posta: Halag Chemie AG, Datenschutz, Weiernstrasse 30, 8355 Aadorf, Svizzera, Tel +41 58 433 68 68.<\/p>\n<h3><strong>Sicurezza dei dati<\/strong><\/h3>\n<p>All\u2019interno della visita del sito web utilizziamo la procedura diffusa SSL (Secure Socket Layer) in connessione con il massimo livello di codificazione supportata di volta in volta dal vostro browser. Di regola si tratta di una codificazione 256 Bit. Se il vostro browser non supporta una codificazione 256-Bit, ricorriamo invece alla tecnologia 128-Bit v3. Riconoscete alla rappresentazione chiusa del simbolo della chiave o della serratura nella barra di stato del vostro browser se una singola pagina del nostro sito web viene trasmessa cifrata.<\/p>\n<h3><strong>Avvertenza di sicurezza<\/strong><\/h3>\n<p>Impiegando tutte le possibilit\u00e0 tecniche ed organizzative ci adoperiamo di memorizzare i vostri dati personali in modo tale da non renderli accessibili a terzi. Non possiamo garantire la completa sicurezza dei dati nel caso della comunicazione per e-mail, cosicch\u00e9 per le informazioni confidenziali vi consigliamo l\u2019invio per posta o il telefono.<\/p>\n<p>&nbsp;<\/p>\n<h2><strong>Modifica delle disposizioni di protezione dei dati<\/strong><\/h2>\n<p>Questa informativa sulla protezione dei dati \u00e8 attualmente valida ed ha lo stato 25 maggio 2018.<\/p>\n<p>In seguito allo sviluppo del nostro sito web e delle offerte in merito o in base a direttive di legge o delle autorit\u00e0 modificate pu\u00f2 rendersi necessaria la modifica di questa informativa sulla protezione dei dati.<\/p>\n<p><\/p>","protected":false},"excerpt":{"rendered":"<p>Grazie per il vostro interessamento alla nostra impresa. Prendiamo sul serio la protezione dei dati. In linea di massima potete utilizzare il nostro sito web senza indicare nessun dato personale. Se una persona interessata desidera ricevere prestazioni della nostra impresa tramite il nostro sito Internet, potrebbe rendersi necessario un trattamento di dati personali. Se si [&hellip;]<\/p>\n","protected":false},"author":4,"featured_media":0,"parent":0,"menu_order":0,"comment_status":"closed","ping_status":"closed","template":"","meta":{"_acf_changed":false,"footnotes":""},"class_list":["post-10299","page","type-page","status-publish","hentry"],"acf":[],"_links":{"self":[{"href":"https:\/\/www.halagchemie.ch\/it\/wp-json\/wp\/v2\/pages\/10299","targetHints":{"allow":["GET"]}}],"collection":[{"href":"https:\/\/www.halagchemie.ch\/it\/wp-json\/wp\/v2\/pages"}],"about":[{"href":"https:\/\/www.halagchemie.ch\/it\/wp-json\/wp\/v2\/types\/page"}],"author":[{"embeddable":true,"href":"https:\/\/www.halagchemie.ch\/it\/wp-json\/wp\/v2\/users\/4"}],"replies":[{"embeddable":true,"href":"https:\/\/www.halagchemie.ch\/it\/wp-json\/wp\/v2\/comments?post=10299"}],"version-history":[{"count":0,"href":"https:\/\/www.halagchemie.ch\/it\/wp-json\/wp\/v2\/pages\/10299\/revisions"}],"wp:attachment":[{"href":"https:\/\/www.halagchemie.ch\/it\/wp-json\/wp\/v2\/media?parent=10299"}],"curies":[{"name":"wp","href":"https:\/\/api.w.org\/{rel}","templated":true}]}}