{"id":3639,"date":"2014-04-03T14:18:33","date_gmt":"2014-04-03T13:18:33","guid":{"rendered":"https:\/\/www.halagchemie.ch\/services-2\/"},"modified":"2017-02-02T08:09:05","modified_gmt":"2017-02-02T07:09:05","slug":"servizi","status":"publish","type":"page","link":"https:\/\/www.halagchemie.ch\/it\/servizi\/","title":{"rendered":"Servizi Halag"},"content":{"rendered":"<p>&nbsp;<\/p>\n<p><img loading=\"lazy\" decoding=\"async\" class=\"alignleft wp-image-8309 size-full\" src=\"https:\/\/www.halagchemie.ch\/wp-content\/uploads\/2015\/06\/halag_services_it-e1434355413870.jpg\" alt=\"halag_services_it\" width=\"426\" height=\"131\" srcset=\"https:\/\/www.halagchemie.ch\/wp-content\/uploads\/2015\/06\/halag_services_it-e1434355413870.jpg 426w, https:\/\/www.halagchemie.ch\/wp-content\/uploads\/2015\/06\/halag_services_it-e1434355413870-300x92.jpg 300w, https:\/\/www.halagchemie.ch\/wp-content\/uploads\/2015\/06\/halag_services_it-e1434355413870-24x7.jpg 24w, https:\/\/www.halagchemie.ch\/wp-content\/uploads\/2015\/06\/halag_services_it-e1434355413870-36x11.jpg 36w, https:\/\/www.halagchemie.ch\/wp-content\/uploads\/2015\/06\/halag_services_it-e1434355413870-48x15.jpg 48w\" sizes=\"auto, (max-width: 426px) 100vw, 426px\" \/><\/p>\n<p>&nbsp;<\/p>\n<p>&nbsp;<\/p>\n<p>&nbsp;<\/p>\n<p>&nbsp;<\/p>\n<p>&nbsp;<\/p>\n<p>Investite nella vostra sostenibilit\u00e0 con un approccio personalizzato<\/p>\n<p>Halag Chemie AG \u00e8 un interlocutore affermato per le questioni legate alla sostenibilit\u00e0 nel settore dell\u2019igiene e della pulizia per l\u2019industria alimentare. Il nostro concetto di servizi Halag Services costituisce la competenza chiave per garantire lo sviluppo sostenibile e offre un valore aggiunto che i clienti percepiscono nel suo carattere di unicit\u00e0.<\/p>\n<p>La seguente tabella, che classifica gli aspetti della sostenibilit\u00e0 in tre colonne principali, illustra in forma schematica su quali di essi le offerte di Halag Services esercitano un influsso positivo e quali sono le grandezze misurabili con cui si documentano i progressi. Investite nella vostra sostenibilit\u00e0: risparmierete costi e risorse.<\/p>\n<p>&nbsp;<\/p>\n<p><img loading=\"lazy\" decoding=\"async\" class=\"alignleft wp-image-9615\" src=\"https:\/\/www.halagchemie.ch\/wp-content\/uploads\/2014\/04\/halag-services-nachhaltigkeit-it-1024x635.jpg\" width=\"930\" height=\"577\" srcset=\"https:\/\/www.halagchemie.ch\/wp-content\/uploads\/2014\/04\/halag-services-nachhaltigkeit-it-1024x635.jpg 1024w, https:\/\/www.halagchemie.ch\/wp-content\/uploads\/2014\/04\/halag-services-nachhaltigkeit-it-300x186.jpg 300w, https:\/\/www.halagchemie.ch\/wp-content\/uploads\/2014\/04\/halag-services-nachhaltigkeit-it-768x476.jpg 768w, https:\/\/www.halagchemie.ch\/wp-content\/uploads\/2014\/04\/halag-services-nachhaltigkeit-it-24x15.jpg 24w, https:\/\/www.halagchemie.ch\/wp-content\/uploads\/2014\/04\/halag-services-nachhaltigkeit-it-36x22.jpg 36w, https:\/\/www.halagchemie.ch\/wp-content\/uploads\/2014\/04\/halag-services-nachhaltigkeit-it-48x30.jpg 48w\" sizes=\"auto, (max-width: 930px) 100vw, 930px\" \/><\/p>\n<p>&nbsp;<\/p>","protected":false},"excerpt":{"rendered":"<p>&nbsp; &nbsp; &nbsp; &nbsp; &nbsp; &nbsp; Investite nella vostra sostenibilit\u00e0 con un approccio personalizzato Halag Chemie AG \u00e8 un interlocutore affermato per le questioni legate alla sostenibilit\u00e0 nel settore dell\u2019igiene e della pulizia per l\u2019industria alimentare. Il nostro concetto di servizi Halag Services costituisce la competenza chiave per garantire lo sviluppo sostenibile e offre un [&hellip;]<\/p>\n","protected":false},"author":4,"featured_media":0,"parent":0,"menu_order":27,"comment_status":"open","ping_status":"closed","template":"template-services.php","meta":{"_acf_changed":false,"footnotes":""},"class_list":["post-3639","page","type-page","status-publish","hentry"],"acf":[],"_links":{"self":[{"href":"https:\/\/www.halagchemie.ch\/it\/wp-json\/wp\/v2\/pages\/3639","targetHints":{"allow":["GET"]}}],"collection":[{"href":"https:\/\/www.halagchemie.ch\/it\/wp-json\/wp\/v2\/pages"}],"about":[{"href":"https:\/\/www.halagchemie.ch\/it\/wp-json\/wp\/v2\/types\/page"}],"author":[{"embeddable":true,"href":"https:\/\/www.halagchemie.ch\/it\/wp-json\/wp\/v2\/users\/4"}],"replies":[{"embeddable":true,"href":"https:\/\/www.halagchemie.ch\/it\/wp-json\/wp\/v2\/comments?post=3639"}],"version-history":[{"count":0,"href":"https:\/\/www.halagchemie.ch\/it\/wp-json\/wp\/v2\/pages\/3639\/revisions"}],"wp:attachment":[{"href":"https:\/\/www.halagchemie.ch\/it\/wp-json\/wp\/v2\/media?parent=3639"}],"curies":[{"name":"wp","href":"https:\/\/api.w.org\/{rel}","templated":true}]}}