{"id":409,"date":"2012-08-27T12:37:20","date_gmt":"2012-08-27T12:37:20","guid":{"rendered":"https:\/\/www.halagchemie.ch\/?page_id=409"},"modified":"2025-12-31T08:46:39","modified_gmt":"2025-12-31T07:46:39","slug":"cgc","status":"publish","type":"page","link":"https:\/\/www.halagchemie.ch\/it\/cgc\/","title":{"rendered":"CGC"},"content":{"rendered":"<h2>HALAG Chemie AG \u2013 Condizioni generali (CG)<\/h2>\n<p>&nbsp;<\/p>\n<p><strong>Principio<\/strong><\/p>\n<p><strong>Campo d\u2018applicazione<\/strong><\/p>\n<p>Le presenti condizioni generali (\u201eCG\u201c) regolano i rapporti contrattuali tra Halag Chemie AG (\u201eHalag\u201c) ed i suoi clienti (\u201eClienti\u201c) relativi all\u2019acquisto di prodotti (prodotti di pulizia e disinfezione) e\/o servizi (moduli di servizi) in maniera esaustiva, per quanto non siano contrarie alle condizioni contenute nell\u2019offerta scritta di Halag. Esse hanno in ogni caso priorit\u00e0 su eventuali condizioni generali di diverso tenore del Cliente, a meno che Halag non abbia esplicitamente accettato queste ultime per iscritto.<\/p>\n<p><strong>Condizioni di vendita \/ Acquisto di prodotti<\/strong><\/p>\n<p><strong>Conclusione del contratto<\/strong><\/p>\n<p>Alla base di un ordine stanno l\u2019offerta o un listino prezzi valido di Halag, in cui vengono definiti in particolare l\u2019oggetto dell\u2019acquisto ed il suo prezzo. Con l\u2019ordine effettuato dal cliente, in cui \u00e8 definita la quantit\u00e0 di acquisto, la conclusione del contratto diventa vincolante.<\/p>\n<p>Una conferma scritta dell\u2019ordine da parte di Halag avviene solo su esplicita richiesta del Cliente; alla sua recezione, essa va esaminata da parte del Cliente e se del caso contestata.<\/p>\n<p>A meno che il cliente non si opponga espressamente, le fatture saranno inviate esclusivamente in formato elettronico a un indirizzo e-mail indicato dal cliente. Il costo della spedizione postale pu\u00f2 essere fatturato separatamente.<\/p>\n<p><strong>Consegna e accettazione <\/strong><\/p>\n<p>Halag fa del suo meglio per rispettare i termini di consegna indicati. Nel caso di imprevisti che aggravano in maniera sostanziale la consegna o la rendono impossibile, ma anche in caso di consegna tardiva da parte dei fornitori di Halag, i termini di consegna si prolungano di conseguenza (indipendentemente che si tratti di termini non vincolanti o eccezionalmente termini vincolanti per le parti).<\/p>\n<p>Halag si riserva il diritto di recedere dal contratto nel caso in cui la produzione o la consegna nei termini assegnati dovesse diventare molto difficoltosa o impossibile. Eventuali ritardi nella consegna non danno al cliente alcun diritto al risarcimento del danno. Sono ammesse consegne parziali.<\/p>\n<p>Al momento della consegna, il Cliente \u00e8 tenuto ad accettare ed esaminare immediatamente la stessa e contestare ad Halag per iscritto immediatamente, al pi\u00f9 tardi entro 8 giorni lavorativi (fa stato la ricezione da parte di Halag) i difetti riscontrabili. Difetti nascosti sono da contestare per iscritto presso Halag entro 8 giorni lavorativi a decorrere dalla loro scoperta. Altrimenti la consegna si ritiene essere accettata.<\/p>\n<p><strong>Luogo di esecuzione e sopportazione del rischio<\/strong><\/p>\n<p>La consegna vale come eseguita e utili e rischi passano al Cliente quando l\u2019oggetto della compravendita ha lasciato i locali commerciali di Halag o in caso di consegna diretta da parte del fornitore di Halag.<\/p>\n<p>Se sono applicati gli ICC Incoterms, le regole ufficiali di applicazione degli ICC (International Chamber of Commerce) in quel momento in vigore valgono come parte integrante del rapporto contrattuale.<\/p>\n<p>Da questo momento, il Cliente \u00e9 unico responsabile per il rispetto delle disposizioni legali, in particolare per quanto riguarda l\u2019utilizzo, il trattamento o il commercio di prodotti chimici risp. di merce pericolosa. Il Cliente conferma di conoscere e rispettare le varie leggi (ad es.ADR, la legislazione sui prodotti chimici, sulla protezione dell\u2019ambiente, sui prodotti alimentari, sulla protezione delle acque, la legge federale sugli ostacoli tecnici al commercio, etc.) e le rispettive ordinanze.<\/p>\n<p><strong>Garanzia e responsabilit\u00e0<\/strong><\/p>\n<p>Halag ha la facolt\u00e0 di scegliere di riprendere prodotti difettati sostituendoli con prodotti senza difetti oppure restituendo il prezzo d\u2019acquisto. Altri diritti del Cliente non sussistono.<\/p>\n<p>Eventuali consigli sull\u2019utilizzo dei prodotti acquistati (ad es. dosaggio, concentrazioni, o misure di precauzione) vengono dati da parte di Halag secondo la migliore scienza e come servizio al Cliente senza che ci\u00f2 crei un qualsivoglia obbligo giuridico.<\/p>\n<p>Nei limiti permessi dalla legge, la responsabilit\u00e0 per un eventuale danno al Cliente a seguito di termini di consegna prorogati o di un recesso dal contratto cos\u00ec come ogni garanzia al di l\u00e0 di quelle descritte al precedente punto\u00a01 sono escluse.<\/p>\n<p>In particolare, Halag non risponde per negligenza leggera o media, per danni indiretti e conseguenti (come lucro cessante, perdita di ordini, etc.), danni causati direttamente o indirettamente dall\u2019oggetto della compravendita stessa o dal suo utilizzo o da violazione delle disposizioni sulla sicurezza del prodotto o delle disposizioni legislative in materia di prodotti chimici, oppure per persone terze o ausiliarie.<\/p>\n<p>Queste esclusioni di responsabilit\u00e0 non valgono in caso di intenzionalit\u00e0 o negligenza grave imputabile a Halag.<\/p>\n<p><strong>Prezzi e condizioni <\/strong><\/p>\n<p>Tutte le indicazioni di prezzo sono effettuate in base ai fattori di costo in vigore al momento dell\u2019emissione dell\u2019offerta. Se tra l\u2019ordinazione e la consegna si verificano degli aumenti dei costi d\u2019acquisto a seguito di un aumento dei prezzi presso i propri fornitori, di (ulteriori) carichi fiscali, aumento dei tassi doganali, aumento dei costi di trasporto ed assicurativi, maggiore volatilit\u00e0 delle valute o simili, Halag si riserva un adeguamento del prezzo corrispondente. In caso di aumento del prezzo il Cliente ha il diritto di annullare l\u2019ordinazione, se a seguito di una sua immediata richiesta scritta l\u2019aumento del prezzo non viene revocato. Invece di adeguare il prezzo Halag si riserva il diritto di recedere dal contratto e sottoporre una nuova offerta.<\/p>\n<p>Halag ha il diritto di richiedere, a sua propria discrezione, un anticipo o una garanzia di tutto o parte del prezzo d\u2019acquisto. Dovessero mancare tali garanzie, in casi fondati Halag ha il diritto di recedere dal contratto.<\/p>\n<p><strong>Imballaggi prestati<\/strong><\/p>\n<p>Container, casse, palette in fibre sintetiche, Drumtainer e \u201cPaloxen\u201d sono a disposizione del Cliente come imballaggi in prestito. Imballaggi non restituiti sono messi in conto. Halag si riserva il diritto di richiedere un deposito per gli imballaggi. Il cliente deve separare chiaramente i contenitori a rendere Halag dai contenitori di terzi. Se il cliente fornisce all&#8217;impresa di trasporto contenitori di terzi, questi saranno restituiti al cliente a spese di quest&#8217;ultimo.<\/p>\n<p>Riciclaggio di contenitori vuoti: i contenitori aperti dal cliente vengono accettati da Halag per il riciclaggio solo se completamente svuotati. Lo smaltimento dei residui di prodotto nei contenitori restituiti viene addebitato al cliente.<\/p>\n<p><strong>Condizioni generali per le prestazioni di Halag Services<\/strong><\/p>\n<p><strong>Prestazioni <\/strong><\/p>\n<p>Oltre all\u2019acquisto di prodotti (cfr. Capitolo II. delle CG), Halag offre ai suoi Clienti sotto la denominazione \u201eHalag Services\u201c delle prestazioni opzionali come corsi di formazione e consulenza.<\/p>\n<p>Le prestazioni possono essere richieste dal Cliente singolarmente o in abbinamento tra di loro oppure congiuntamente con l\u2019acquisto di prodotti. Il bisogno specifico del Cliente e quindi l\u2019estensione della prestazione di Halag cos\u00ec come la contropartita del Cliente vengono elaborati congiuntamente e fissati per iscritto. Fanno stato le condizioni generali per le prestazioni Halag Services (Capitolo III. delle presenti CG), le condizioni generali (Capitolo IV. delle presenti CG) cos\u00ec come, per quanto sensato ed in maniera corrispondente, le condizioni generali di vendita (Capitolo II. delle presenti CG).<\/p>\n<p><strong>Prezzi e condizioni<\/strong><\/p>\n<p>Di norma Halag presenta al cliente regolare fattura per i servizi forniti.<\/p>\n<p>Inoltre, Halag fattura al Cliente le spese generate effettivamente in relazione alle prestazioni eseguite (ad es. per viaggi, vitto e pernottamento) cos\u00ec come i costi per prestazioni di terzi (ad es. per autorit\u00e0, esperti). Per quanto necessario, Halag fattura l\u2019IVA secondo il tasso prescritto dalla legge.<\/p>\n<p>Stime sugli onorari sono rilasciate sulla base delle premesse fatte al momento della calcolazione. Qualora subentrassero degli eventi imprevedibili che causano un maggior costo, Halag informa il Cliente appena possibile sui motivi e l\u2019entit\u00e0 dell\u2019aumento. In questo caso, i costi per la prestazione vengono fatturati secondo il tempo impiegato in base alle tariffe orarie allora in vigore.<\/p>\n<p><strong>Risultati dei servizi \/ Messa in opera<\/strong><\/p>\n<p>Al termine della prestazione del servizio, a richiesta del Cliente, Halag consegna tutta la documentazione, i dati ecc. di propriet\u00e0 del Cliente. Halag ha il diritto di fare delle fotocopie. Halag si riserva per\u00f2 la facolt\u00e0 di far valere un eventuale diritto di retenzione.<\/p>\n<p>Halag consegna al Cliente i risultati della prestazione dei suoi servizi (rapporti, concetti, piani, etc.) in forma scritta o elettronica. Questi sono vincolanti solo se validamente firmati. Bozze, rapporti intermedi, o informazioni date a voce possono contenere delle deviazioni per rapporto ai documenti firmati e non sono vincolanti. I documenti di lavoro sono propriet\u00e0 di Halag e non devono quindi essere consegnati al Cliente.<\/p>\n<p>Il Cliente \u00e8 autorizzato ad utilizzare i risultati delle prestazioni di Halag solo per s\u00e9 stesso e per lo scopo dichiarato. I risultati delle prestazioni non possono essere rivelati o consegnati a terzi senza il consenso scritto di Halag.<\/p>\n<p>il rischio derivante dalla messa in opera dei consigli e delle proposte di soluzione di Halag \u00e8 a carico del Cliente. Il Cliente non pu\u00f2 far valere nei confronti di Halag eventuali danni che dovessero scaturire dalla messa in opera.<\/p>\n<p><strong>Diritti d\u2019autore<\/strong><\/p>\n<p>I diritti d\u2019autore relativi alla documentazione cartacea o in forma elettronica allestita risp. consegnata nell\u2019ambito o in vista dei corsi di formazione o perfezionamento sono di sola ed unica pertinenza di Halag.<\/p>\n<p><strong>Informazioni confidenziali<\/strong><\/p>\n<p>Nell\u2019ambito della prestazione di servizi, Halag pu\u00f2 venire a conoscenza di informazioni confidenziali relativi all\u2019attivit\u00e0 commerciale del Cliente. Halag non divulga informazioni confidenziali che soggiacciono ad un obbligo di confidenzialit\u00e0 per legge o contrattuale a meno che e per quanto non ne sia obbligata per legge o in base a decisione di un\u2019autorit\u00e0, oppure nei confronti di terzi per quanto ci\u00f2 sia necessario per prestare i servizi convenuti (ad es. in caso di ricorso a terzi come esperti), oppure ai suoi consulenti giuridici e agli assicuratori.<\/p>\n<p><strong>Garanzia e responsabilit\u00e0<\/strong><\/p>\n<p>Halag si impegna a prestare i propri servizi in maniera coscienziosa e diligente. Indipendentemente dalla base legale invocata, Halag risponde solo per danni causati da un proprio comportamento intenzionale o gravemente negligente. Ogni altra ulteriore responsabilit\u00e0 viene esclusa per quanto legalmente possibile, in particolare Halag non \u00e8 responsabile per negligenza lieve o media, per danni indiretti e conseguenti (come lucro cessante, perdita do ordini etc.) o per terze persone risp. persone ausiliarie.<\/p>\n<p><strong>Condizioni Generali<\/strong><\/p>\n<p><strong>Termini di pagamento e mora del Cliente<\/strong><\/p>\n<p>Per quanto non convenuto altrimenti per iscritto, tutte le fatture sono pagabili al netto entro 30 giorni dalla data della fattura, senza deduzioni di qualsivoglia sorta.<\/p>\n<p><strong>Diritto applicabile e foro <\/strong><\/p>\n<p>Le relazioni commerciali tra Halag ed i suoi Clienti sottostanno esclusivamente al diritto sostanziale svizzero, ad esclusione del diritto internazionale privato e della Convenzione delle Nazioni Unite sulla compravendita internazionale di merci (CISG) dell\u2019 11 aprile 1980.<\/p>\n<p>Luogo di esecuzione e foro per tutte le dispute inerenti al presente rapporto contrattuale \u00e8 la sede di Halag. Halag ha comunque la facolt\u00e0 di perseguire i propri diritti anche presso la sede del Cliente o presso ogni altro tribunale competente.<\/p>\n<p><strong>Disposizioni finali<\/strong><\/p>\n<p>Modifiche delle presenti condizioni cos\u00ec come tutte le dichiarazioni che dovessero rendersi necessarie in applicazione delle presenti condizioni necessitano della forma scritta.<\/p>\n<p>Qualora singole disposizioni delle presenti condizioni dovessero rivelarsi essere o diventare nulle, inefficaci, o ineseguibili, ci\u00f2 non intacca la validit\u00e0 delle altre disposizioni. In caso di nullit\u00e0, inefficacia, o ineseguibilit\u00e0 di una disposizione, essa va sostituita da una nuova disposizione che pi\u00f9 si avvicini allo scopo economico della disposizione nulla, inefficace o ineseguibile. Allo stesso modo si procede qualora dovesse rivelarsi una lacuna.<\/p>\n<p>Le presenti condizioni generali sostituiscono tutte le versioni precedenti.<\/p>\n<p>Fanno stato le condizioni generali nella loro versione in vigore al momento della conclusione del relativo contratto. Peraltro, Halag si riserva di modificare in ogni momento le presenti condizioni generali.<\/p>\n<p>Aadorf 1.1.2026<\/p>\n<p><a href=\"http:\/\/www.halagchemie.ch\/wp-content\/uploads\/2025\/12\/Version-2026_AGB-Halag-italienisch-IT-definitiv_2_Spaltig-hoch.pdf\" target=\"_blank\" rel=\"noopener noreferrer\"><img loading=\"lazy\" decoding=\"async\" class=\"alignnone\" src=\"https:\/\/www.halagchemie.ch\/wp-content\/uploads\/2012\/07\/pdf_icon.gif\" alt=\"pdf_icon\" width=\"16\" height=\"19\" \/><\/a><\/p>","protected":false},"excerpt":{"rendered":"<p>HALAG Chemie AG \u2013 Condizioni generali (CG) &nbsp; Principio Campo d\u2018applicazione Le presenti condizioni generali (\u201eCG\u201c) regolano i rapporti contrattuali tra Halag Chemie AG (\u201eHalag\u201c) ed i suoi clienti (\u201eClienti\u201c) relativi all\u2019acquisto di prodotti (prodotti di pulizia e disinfezione) e\/o servizi (moduli di servizi) in maniera esaustiva, per quanto non siano contrarie alle condizioni contenute [&hellip;]<\/p>\n","protected":false},"author":4,"featured_media":0,"parent":0,"menu_order":62,"comment_status":"open","ping_status":"open","template":"","meta":{"_acf_changed":false,"footnotes":""},"class_list":["post-409","page","type-page","status-publish","hentry"],"acf":[],"_links":{"self":[{"href":"https:\/\/www.halagchemie.ch\/it\/wp-json\/wp\/v2\/pages\/409","targetHints":{"allow":["GET"]}}],"collection":[{"href":"https:\/\/www.halagchemie.ch\/it\/wp-json\/wp\/v2\/pages"}],"about":[{"href":"https:\/\/www.halagchemie.ch\/it\/wp-json\/wp\/v2\/types\/page"}],"author":[{"embeddable":true,"href":"https:\/\/www.halagchemie.ch\/it\/wp-json\/wp\/v2\/users\/4"}],"replies":[{"embeddable":true,"href":"https:\/\/www.halagchemie.ch\/it\/wp-json\/wp\/v2\/comments?post=409"}],"version-history":[{"count":0,"href":"https:\/\/www.halagchemie.ch\/it\/wp-json\/wp\/v2\/pages\/409\/revisions"}],"wp:attachment":[{"href":"https:\/\/www.halagchemie.ch\/it\/wp-json\/wp\/v2\/media?parent=409"}],"curies":[{"name":"wp","href":"https:\/\/api.w.org\/{rel}","templated":true}]}}